{"id":91,"date":"2023-11-01T21:31:08","date_gmt":"2023-11-01T19:31:08","guid":{"rendered":"https:\/\/comcatechese-lb.org\/?page_id=91"},"modified":"2023-11-07T11:13:26","modified_gmt":"2023-11-07T09:13:26","slug":"%d8%b9%d9%84%d9%89-%d8%b7%d8%b1%d9%8a%d9%82-%d8%b9%d9%85%d8%a7%d9%88%d8%b3","status":"publish","type":"page","link":"https:\/\/comcatechese-lb.org\/?page_id=91","title":{"rendered":"\u0639\u0644\u0649 \u0637\u0631\u064a\u0642 \u0639\u0645\u0627\u0648\u0633"},"content":{"rendered":"\n<p><a rel=\"noreferrer noopener\" href=\"https:\/\/comcatechese-lb.org\/wp-content\/uploads\/2023\/11\/Levangile-des-disciples-dEMMAUS-.pdf\" data-type=\"link\" data-id=\"https:\/\/comcatechese-lb.org\/wp-content\/uploads\/2023\/11\/Levangile-des-disciples-dEMMAUS-.pdf\" target=\"_blank\">L\u2019e\u0301vangile des disciples d\u2019Emma\u00fcs<\/a><\/p>\n\n\n\n<p><a href=\"https:\/\/comcatechese-lb.org\/wp-content\/uploads\/2023\/11\/Power-Point-Disciples-dEmmaus-Francais.pptx\" data-type=\"link\" data-id=\"https:\/\/comcatechese-lb.org\/wp-content\/uploads\/2023\/11\/Power-Point-Disciples-dEmmaus-Francais.pptx\" target=\"_blank\" rel=\"noreferrer noopener\">Power Point Disciples d&#8217;Emmaus (Franc\u0327ais)<\/a><\/p>\n\n\n\n<p><a href=\"https:\/\/comcatechese-lb.org\/wp-content\/uploads\/2023\/11\/\u0623\u0646\u0634\u0637\u0629-22\u0639\u0645\u0627\u0648\u063322-\u0644\u0644\u0635\u0641\u0648\u0641-\u0627\u0644\u0627\u0628\u062a\u062f\u0627\u0626\u064a\u0629-.pdf\" data-type=\"link\" data-id=\"https:\/\/comcatechese-lb.org\/wp-content\/uploads\/2023\/11\/\u0623\u0646\u0634\u0637\u0629-22\u0639\u0645\u0627\u0648\u063322-\u0644\u0644\u0635\u0641\u0648\u0641-\u0627\u0644\u0627\u0628\u062a\u062f\u0627\u0626\u064a\u0629-.pdf\" target=\"_blank\" rel=\"noreferrer noopener\">\u0627\u0654\u0646\u0634\u0637\u0629 \u0639\u0645\u0627\u0648\u0633 \u0644\u0644\u0635\u0641\u0648\u0641 \u0627\u0644\u0627\u0628\u062a\u062f\u0627\u064a\u0654\u064a\u0629<\/a><\/p>\n\n\n\n<p><a href=\"https:\/\/comcatechese-lb.org\/wp-content\/uploads\/2023\/11\/\u0635\u0644\u0627\u0629-22\u062a\u0644\u0645\u064a\u0630\u064a-\u0639\u0645\u0627\u0648\u063322-.pdf\" data-type=\"link\" data-id=\"https:\/\/comcatechese-lb.org\/wp-content\/uploads\/2023\/11\/\u0635\u0644\u0627\u0629-22\u062a\u0644\u0645\u064a\u0630\u064a-\u0639\u0645\u0627\u0648\u063322-.pdf\" target=\"_blank\" rel=\"noreferrer noopener\">\u0635\u0644\u0627\u0629 \u062a\u0644\u0645\u064a\u0630\u064a \u0639\u0645\u0627\u0648\u0633<\/a><\/p>\n\n\n\n<p><a href=\"https:\/\/comcatechese-lb.org\/wp-content\/uploads\/2023\/11\/\u0635\u0644\u0627\u0629-\u0645\u062d\u0631\u0651\u0643\u0629-\u0639\u0645\u0627\u0648\u0633-\u0644\u0644\u0635\u0641\u0648\u0641-\u0627\u0644\u0645\u062a\u0648\u0633\u0637\u0629-\u0648\u0627\u0644\u062b\u0627\u0646\u0648\u064a\u0629.pdf\" data-type=\"link\" data-id=\"https:\/\/comcatechese-lb.org\/wp-content\/uploads\/2023\/11\/\u0635\u0644\u0627\u0629-\u0645\u062d\u0631\u0651\u0643\u0629-\u0639\u0645\u0627\u0648\u0633-\u0644\u0644\u0635\u0641\u0648\u0641-\u0627\u0644\u0645\u062a\u0648\u0633\u0637\u0629-\u0648\u0627\u0644\u062b\u0627\u0646\u0648\u064a\u0629.pdf\" target=\"_blank\" rel=\"noreferrer noopener\">(\u0635\u0644\u0627\u0629 \u0645\u062d\u0631\u0651\u0643\u0629 &#8211; \u0639\u0645\u0627\u0648\u0633 (\u0644\u0644\u0635\u0641\u0648\u0641 \u0627\u0644\u0645\u062a\u0648\u0633\u0637\u0629 \u0648\u0627\u0644\u062b\u0627\u0646\u0648\u064a\u0629<\/a><\/p>\n\n\n\n<p><a rel=\"noreferrer noopener\" href=\"https:\/\/comcatechese-lb.org\/wp-content\/uploads\/2023\/11\/\u0645\u0648\u062c\u0632-\u0634\u0631\u062d-\u0639\u0645\u0627\u0648\u0633-\u0644\u0644\u0635\u0641\u0648\u0641-\u0627\u0644\u0645\u062a\u0648\u0633\u0637\u0629-\u0648\u0627\u0644\u062b\u0627\u0646\u0648\u064a\u0629.pdf\" data-type=\"link\" data-id=\"https:\/\/comcatechese-lb.org\/wp-content\/uploads\/2023\/11\/\u0645\u0648\u062c\u0632-\u0634\u0631\u062d-\u0639\u0645\u0627\u0648\u0633-\u0644\u0644\u0635\u0641\u0648\u0641-\u0627\u0644\u0645\u062a\u0648\u0633\u0637\u0629-\u0648\u0627\u0644\u062b\u0627\u0646\u0648\u064a\u0629.pdf\" target=\"_blank\">\u0645\u0648\u062c\u0632 \u0634\u0631\u062d \u0639\u0645\u0627\u0648\u0633 \u0644\u0644\u0635\u0641\u0648\u0641 \u0627\u0644\u0645\u062a\u0648\u0633\u0637\u0629 \u0648\u0627\u0644\u062b\u0627\u0646\u0648\u064a\u0629<\/a><\/p>\n\n\n\n<p><a href=\"https:\/\/comcatechese-lb.org\/wp-content\/uploads\/2023\/11\/Theme-de-lannee-2023-2024-commission-catholique-pour-la-catechese-au-liban-.pdf\" target=\"_blank\" rel=\"noreferrer noopener\">Th\u00e8me de l&#8217;ann\u00e9e 2023-2024 &#8220;Emma\u00fcs&#8221;<\/a><\/p>\n","protected":false},"excerpt":{"rendered":"<p>L\u2019e\u0301vangile des disciples d\u2019Emma\u00fcs Power Point Disciples d&#8217;Emmaus (Franc\u0327ais) \u0627\u0654\u0646\u0634\u0637\u0629 \u0639\u0645\u0627\u0648\u0633 \u0644\u0644\u0635\u0641\u0648\u0641 \u0627\u0644\u0627\u0628\u062a\u062f\u0627\u064a\u0654\u064a\u0629 \u0635\u0644\u0627\u0629 \u062a\u0644\u0645\u064a\u0630\u064a \u0639\u0645\u0627\u0648\u0633 (\u0635\u0644\u0627\u0629 \u0645\u062d\u0631\u0651\u0643\u0629 &#8211; \u0639\u0645\u0627\u0648\u0633 (\u0644\u0644\u0635\u0641\u0648\u0641 \u0627\u0644\u0645\u062a\u0648\u0633\u0637\u0629 \u0648\u0627\u0644\u062b\u0627\u0646\u0648\u064a\u0629 \u0645\u0648\u062c\u0632 \u0634\u0631\u062d \u0639\u0645\u0627\u0648\u0633 \u0644\u0644\u0635\u0641\u0648\u0641 \u0627\u0644\u0645\u062a\u0648\u0633\u0637\u0629 \u0648\u0627\u0644\u062b\u0627\u0646\u0648\u064a\u0629 Th\u00e8me de l&#8217;ann\u00e9e 2023-2024 &#8220;Emma\u00fcs&#8221;<\/p>\n","protected":false},"author":1,"featured_media":0,"parent":0,"menu_order":0,"comment_status":"closed","ping_status":"closed","template":"","meta":{"footnotes":""},"_links":{"self":[{"href":"https:\/\/comcatechese-lb.org\/index.php?rest_route=\/wp\/v2\/pages\/91"}],"collection":[{"href":"https:\/\/comcatechese-lb.org\/index.php?rest_route=\/wp\/v2\/pages"}],"about":[{"href":"https:\/\/comcatechese-lb.org\/index.php?rest_route=\/wp\/v2\/types\/page"}],"author":[{"embeddable":true,"href":"https:\/\/comcatechese-lb.org\/index.php?rest_route=\/wp\/v2\/users\/1"}],"replies":[{"embeddable":true,"href":"https:\/\/comcatechese-lb.org\/index.php?rest_route=%2Fwp%2Fv2%2Fcomments&post=91"}],"version-history":[{"count":4,"href":"https:\/\/comcatechese-lb.org\/index.php?rest_route=\/wp\/v2\/pages\/91\/revisions"}],"predecessor-version":[{"id":130,"href":"https:\/\/comcatechese-lb.org\/index.php?rest_route=\/wp\/v2\/pages\/91\/revisions\/130"}],"wp:attachment":[{"href":"https:\/\/comcatechese-lb.org\/index.php?rest_route=%2Fwp%2Fv2%2Fmedia&parent=91"}],"curies":[{"name":"wp","href":"https:\/\/api.w.org\/{rel}","templated":true}]}}