{"id":8,"date":"2023-07-07T14:21:27","date_gmt":"2023-07-07T14:21:27","guid":{"rendered":"https:\/\/comcatechese-lb.org\/?page_id=8"},"modified":"2023-07-11T16:01:53","modified_gmt":"2023-07-11T16:01:53","slug":"commission-catholique-pour-la-catechese-au-liban","status":"publish","type":"page","link":"https:\/\/comcatechese-lb.org\/","title":{"rendered":"Commission Catholique pour la Cat\u00e9ch\u00e8se au Liban"},"content":{"rendered":"\n<h1 class=\"wp-block-heading\">IDENTITE ET MISSION<\/h1>\n\n\n\n<p>Elle est l\u2019une des Commissions institu\u00e9es par l\u2019Assembl\u00e9e des Patriarches et Ev\u00eaques Catholiques du Liban ayant chacune une mission \u00e0 accomplir dans un domaine sp\u00e9cifique de la vie de l\u2019Eglise.<\/p>\n\n\n\n<p>Institu\u00e9 en 1980, elle a pour mission de promouvoir, coordonner et animer la cat\u00e9ch\u00e8se dans les \u00e9coles officielles et priv\u00e9es, dans les centres de cat\u00e9chisationd\u2019adultes et les instituts de formation de cat\u00e9chistes.<\/p>\n\n\n\n<p>L\u2019Assembl\u00e9e des Patriarches et Ev\u00eaques nomme son pr\u00e9sident qui est toujours un \u00e9v\u00eaque, son vice-pr\u00e9sident et son secr\u00e9taire g\u00e9n\u00e9ral. Ce dernier est pratique-ment l\u2019acteur principal dans l\u2019organisation et le travail. Il se dote d\u2019un conseil approuv\u00e9 par le Pr\u00e9sident. Il organise et anime le centre national de la cat\u00e9ch\u00e8se. Cet organisme est l\u2019instrument d\u2019information et d\u2019ex\u00e9cution des diff\u00e9rentes t\u00e2ches de la Commission.<\/p>\n","protected":false},"excerpt":{"rendered":"<p>IDENTITE ET MISSION Elle est l\u2019une des Commissions institu\u00e9es par l\u2019Assembl\u00e9e des Patriarches et Ev\u00eaques Catholiques du Liban ayant chacune une mission \u00e0 accomplir dans un domaine sp\u00e9cifique de la vie de l\u2019Eglise. Institu\u00e9 en 1980, elle a pour mission de promouvoir, coordonner et animer la cat\u00e9ch\u00e8se dans les \u00e9coles officielles et priv\u00e9es, dans les [&hellip;]<\/p>\n","protected":false},"author":1,"featured_media":0,"parent":0,"menu_order":0,"comment_status":"closed","ping_status":"closed","template":"","meta":{"footnotes":""},"_links":{"self":[{"href":"https:\/\/comcatechese-lb.org\/index.php?rest_route=\/wp\/v2\/pages\/8"}],"collection":[{"href":"https:\/\/comcatechese-lb.org\/index.php?rest_route=\/wp\/v2\/pages"}],"about":[{"href":"https:\/\/comcatechese-lb.org\/index.php?rest_route=\/wp\/v2\/types\/page"}],"author":[{"embeddable":true,"href":"https:\/\/comcatechese-lb.org\/index.php?rest_route=\/wp\/v2\/users\/1"}],"replies":[{"embeddable":true,"href":"https:\/\/comcatechese-lb.org\/index.php?rest_route=%2Fwp%2Fv2%2Fcomments&post=8"}],"version-history":[{"count":2,"href":"https:\/\/comcatechese-lb.org\/index.php?rest_route=\/wp\/v2\/pages\/8\/revisions"}],"predecessor-version":[{"id":54,"href":"https:\/\/comcatechese-lb.org\/index.php?rest_route=\/wp\/v2\/pages\/8\/revisions\/54"}],"wp:attachment":[{"href":"https:\/\/comcatechese-lb.org\/index.php?rest_route=%2Fwp%2Fv2%2Fmedia&parent=8"}],"curies":[{"name":"wp","href":"https:\/\/api.w.org\/{rel}","templated":true}]}}