{"id":2,"date":"2023-07-06T10:12:51","date_gmt":"2023-07-06T10:12:51","guid":{"rendered":"https:\/\/comcatechese-lb.org\/?page_id=2"},"modified":"2023-07-11T16:10:23","modified_gmt":"2023-07-11T16:10:23","slug":"sample-page","status":"publish","type":"page","link":"https:\/\/comcatechese-lb.org\/?page_id=2","title":{"rendered":"Qui sommes nous"},"content":{"rendered":"\n<h1 class=\"wp-block-heading\"><strong>COMMISSION CATHOLIQUE POUR LA CATECHESE Au Liban<\/strong><\/h1>\n\n\n\n<h3 class=\"wp-block-heading\"> Elle est l\u2019une des Commissions institu\u00e9es par l\u2019Assembl\u00e9e des Patriarches et Ev\u00eaques Catholiques du Liban ayant chacune une mission \u00e0 accomplir dans un domaine sp\u00e9cifique de la vie de l\u2019Eglise.<\/h3>\n\n\n\n<p>R\u00f4le et Mission :<\/p>\n\n\n\n<ol type=\"1\">\n<li>coordonne le travail des diff\u00e9rents dioc\u00e8ses ou r\u00e9gions libanaises, en r\u00e9unissant leurs responsables respectifs et en r\u00e9fl\u00e9chissant avec eux les probl\u00e8mes qui se posent.<\/li>\n\n\n\n<li>veille \u00e0 assurer la cat\u00e9ch\u00e8se dans les \u00e9coles officielles.<\/li>\n\n\n\n<li>coordonne les efforts pour une animation spirituelle des \u00e9coles\u00a0\u00a0\u00a0officielles et priv\u00e9es en organisant des rencontres d\u2019animateurs \u00e0 la  veille des temps forts de l\u2019ann\u00e9e liturgique.<\/li>\n\n\n\n<li>aide au d\u00e9veloppement et \u00e0 l\u2019\u00e9quipement des centres de documentation cat\u00e9ch\u00e9tique en moyens \u00e9crits et audiovisuels.<\/li>\n\n\n\n<li>centralise et effectue les demandes de subsides pour la cat\u00e9chisation dans les \u00e9coles officielles qui est \u00e0 la charge des dioc\u00e8ses.<\/li>\n<\/ol>\n\n\n\n<p>B- PROGRAMMES ET MANUELS<\/p>\n\n\n\n<h4 class=\"wp-block-heading\">&nbsp;&nbsp;&nbsp;&nbsp; La Commission<\/h4>\n\n\n\n<figure class=\"wp-block-table\"><table><tbody><tr><td>1.<\/td><td>\u00c9labore le programme national de la cat\u00e9ch\u00e8se pour toutes les \u00e9coles et centres de cat\u00e9chisation d\u2019adultes et le fait approuver par l\u2019Assembl\u00e9e des Patriarches et Ev\u00eaques. Elle veille \u00e0 y introduire les modifications qui s\u2019imposent en r\u00e9ponse aux besoins du temps et des situations.<\/td><\/tr><tr><td>&nbsp;<\/td><td>&nbsp;<\/td><\/tr><tr><td>2.<\/td><td>V\u00e9rifie la conformit\u00e9 du contenu des manuels aux dispositions des programmes, les approuve ou exige les corrections qui s\u2019imposent.<\/td><\/tr><tr><td>&nbsp;<\/td><td>&nbsp;<\/td><\/tr><tr><td>3.<\/td><td>Invite \u00e0 des concertations entre auteurs en vue de l\u2019am\u00e9lioration du contenu de leurs parcours cat\u00e9ch\u00e9tiques.<\/td><\/tr><tr><td>&nbsp;<\/td><td><\/td><\/tr><tr><td>4.<\/td><td>Collabore \u00e0 la r\u00e9daction du cat\u00e9chisme commun avec l\u2019Eglise Orthodoxe et l\u2019Eglise Evang\u00e9lique.<\/td><\/tr><\/tbody><\/table><\/figure>\n\n\n\n<p>&nbsp;C \u2013 FORMATION DES CATECHETES<\/p>\n\n\n\n<h4 class=\"wp-block-heading\">&nbsp;&nbsp;&nbsp;&nbsp;&nbsp;&nbsp;&nbsp; La Commission<\/h4>\n\n\n\n<figure class=\"wp-block-table\"><table><tbody><tr><td>1.<\/td><td>Encourage la fondation d\u2019instituts de formation de Cat\u00e9ch\u00e8tes et veille \u00e0 l\u2019application des programmes et dispositions qui s\u2019y rapportent.<\/td><\/tr><tr><td>&nbsp;<\/td><td>&nbsp;<\/td><\/tr><tr><td>2.<\/td><td>Organise r\u00e9guli\u00e8rement des rencontres et des sessions de formation de cat\u00e9chistes au niveau national ou r\u00e9gional.<\/td><\/tr><tr><td>&nbsp;<\/td><td>&nbsp;<\/td><\/tr><tr><td>3.<\/td><td>D\u00e9livre des attestations de formation aux m\u00e9thodes actives ou au langage audiovisuel organis\u00e9e par ses soins.<\/td><\/tr><tr><td>&nbsp;<\/td><td>&nbsp; &nbsp;<\/td><\/tr><tr><td>4.<\/td><td>Organise en lien avec l\u2019ISPC de Paris une formation de cadres d\u2019organisation de la cat\u00e9ch\u00e8se \u00e9tendue sur trois sessions de 15 jours chacune.<\/td><\/tr><tr><td>&nbsp;<\/td><td>&nbsp;<\/td><\/tr><tr><td>5.<\/td><td>\u00c9dite la revue cat\u00e9ch\u00e9tique \u201cAl-Bouchra\u201d qui atteint 11 pays du Moyen-Orient fournissant aux cat\u00e9chistes une formation doctrinale et p\u00e9dagogique.<\/td><\/tr><tr><td>&nbsp;<\/td><td>&nbsp;<\/td><\/tr><\/tbody><\/table><\/figure>\n\n\n\n<p>D \u2013 REALISATIONS MOYEN-ORIENTALES<\/p>\n\n\n\n<p>&nbsp;&nbsp;&nbsp;&nbsp;&nbsp; <strong><em>La Commission<\/em><\/strong><\/p>\n\n\n\n<figure class=\"wp-block-table\"><table><tbody><tr><td>1.<\/td><td>A organis\u00e9 deux Congr\u00e8s Cat\u00e9ch\u00e9tiques pour le Moyen-Orient, le premier en 1995 et le second \u00e0 l\u2019occasion du Grand Jubil\u00e9 2000. Ce dernier a group\u00e9 11 pays et diff\u00e9rentes Eglises de la r\u00e9gion.<\/td><\/tr><tr><td>&nbsp;<\/td><td>&nbsp;<\/td><\/tr><tr><td>2.<\/td><td>A r\u00e9ussi, gr\u00e2ce \u00e0 la collaboration des repr\u00e9sentants de ces pays, la cr\u00e9ation du <strong>Conseil Catholique pour la Cat\u00e9ch\u00e8se au Moyen-Orient<\/strong>, reconnu par le Conseil des Patriarches Catholiques d\u2019Orient et relevant directement de lui.<\/td><\/tr><tr><td>&nbsp;<\/td><td>&nbsp;<\/td><\/tr><tr><td>3.<\/td><td>A r\u00e9ussi \u00e0 instituer la journ\u00e9e de la cat\u00e9ch\u00e8se dans les 11 pays cit\u00e9s qui la c\u00e9l\u00e8brent chaque ann\u00e9e en vue de sensibiliser les Eglises \u00e0 l\u2019importance du minist\u00e8re cat\u00e9ch\u00e9tique. La \u201cmesse d\u2019envoi\u201d des cat\u00e9chistes et celle \u201cde la moisson\u201d deviennent coutumi\u00e8res dans la plupart de ces pays.<\/td><\/tr><tr><td>&nbsp;<\/td><td>&nbsp;<\/td><\/tr><tr><td><\/td><td><\/td><\/tr><tr><td>&nbsp;<\/td><td>&nbsp;<\/td><\/tr><\/tbody><\/table><\/figure>\n","protected":false},"excerpt":{"rendered":"<p>COMMISSION CATHOLIQUE POUR LA CATECHESE Au Liban Elle est l\u2019une des Commissions institu\u00e9es par l\u2019Assembl\u00e9e des Patriarches et Ev\u00eaques Catholiques du Liban ayant chacune une mission \u00e0 accomplir dans un domaine sp\u00e9cifique de la vie de l\u2019Eglise. R\u00f4le et Mission : B- PROGRAMMES ET MANUELS &nbsp;&nbsp;&nbsp;&nbsp; La Commission 1. \u00c9labore le programme national de la [&hellip;]<\/p>\n","protected":false},"author":1,"featured_media":0,"parent":0,"menu_order":0,"comment_status":"closed","ping_status":"open","template":"","meta":{"footnotes":""},"_links":{"self":[{"href":"https:\/\/comcatechese-lb.org\/index.php?rest_route=\/wp\/v2\/pages\/2"}],"collection":[{"href":"https:\/\/comcatechese-lb.org\/index.php?rest_route=\/wp\/v2\/pages"}],"about":[{"href":"https:\/\/comcatechese-lb.org\/index.php?rest_route=\/wp\/v2\/types\/page"}],"author":[{"embeddable":true,"href":"https:\/\/comcatechese-lb.org\/index.php?rest_route=\/wp\/v2\/users\/1"}],"replies":[{"embeddable":true,"href":"https:\/\/comcatechese-lb.org\/index.php?rest_route=%2Fwp%2Fv2%2Fcomments&post=2"}],"version-history":[{"count":4,"href":"https:\/\/comcatechese-lb.org\/index.php?rest_route=\/wp\/v2\/pages\/2\/revisions"}],"predecessor-version":[{"id":56,"href":"https:\/\/comcatechese-lb.org\/index.php?rest_route=\/wp\/v2\/pages\/2\/revisions\/56"}],"wp:attachment":[{"href":"https:\/\/comcatechese-lb.org\/index.php?rest_route=%2Fwp%2Fv2%2Fmedia&parent=2"}],"curies":[{"name":"wp","href":"https:\/\/api.w.org\/{rel}","templated":true}]}}